{"id":949,"date":"2021-06-22T15:04:02","date_gmt":"2021-06-22T13:04:02","guid":{"rendered":"https:\/\/a-export.it\/ueber-uns\/"},"modified":"2021-09-09T14:54:53","modified_gmt":"2021-09-09T12:54:53","slug":"ueber-uns","status":"publish","type":"page","link":"https:\/\/a-export.it\/de\/ueber-uns\/","title":{"rendered":"\u00dcber uns"},"content":{"rendered":"\t\t<div data-elementor-type=\"wp-page\" data-elementor-id=\"949\" class=\"elementor elementor-949 elementor-350\" data-elementor-post-type=\"page\">\n\t\t\t\t\t\t<section class=\"elementor-section elementor-top-section elementor-element elementor-element-13d119d elementor-section-full_width elementor-section-height-min-height elementor-section-height-default elementor-section-items-middle\" data-id=\"13d119d\" data-element_type=\"section\">\n\t\t\t\t\t\t<div class=\"elementor-container elementor-column-gap-default\">\n\t\t\t\t\t<div class=\"elementor-column elementor-col-100 elementor-top-column elementor-element elementor-element-6113f02\" data-id=\"6113f02\" data-element_type=\"column\">\n\t\t\t<div class=\"elementor-widget-wrap elementor-element-populated\">\n\t\t\t\t\t\t<div class=\"elementor-element elementor-element-a592e3b elementor-widget elementor-widget-image\" data-id=\"a592e3b\" data-element_type=\"widget\" data-widget_type=\"image.default\">\n\t\t\t\t<div class=\"elementor-widget-container\">\n\t\t\t\t\t\t\t\t\t\t<figure class=\"wp-caption\">\n\t\t\t\t\t\t\t\t\t\t<img fetchpriority=\"high\" decoding=\"async\" width=\"1150\" height=\"300\" src=\"https:\/\/a-export.it\/wp-content\/uploads\/2020\/02\/a-export-chi-siamo.jpg\" class=\"attachment-full size-full wp-image-369\" alt=\"\" srcset=\"https:\/\/a-export.it\/wp-content\/uploads\/2020\/02\/a-export-chi-siamo.jpg 1150w, https:\/\/a-export.it\/wp-content\/uploads\/2020\/02\/a-export-chi-siamo-300x78.jpg 300w, https:\/\/a-export.it\/wp-content\/uploads\/2020\/02\/a-export-chi-siamo-1024x267.jpg 1024w, https:\/\/a-export.it\/wp-content\/uploads\/2020\/02\/a-export-chi-siamo-768x200.jpg 768w\" sizes=\"(max-width: 1150px) 100vw, 1150px\" \/>\t\t\t\t\t\t\t\t\t\t\t<figcaption class=\"widget-image-caption wp-caption-text\">Das neue Lager<\/figcaption>\n\t\t\t\t\t\t\t\t\t\t<\/figure>\n\t\t\t\t\t\t\t<\/div>\n\t\t\t\t<\/div>\n\t\t\t\t\t<\/div>\n\t\t<\/div>\n\t\t\t\t\t<\/div>\n\t\t<\/section>\n\t\t\t\t<section class=\"elementor-section elementor-top-section elementor-element elementor-element-973f134 elementor-section-boxed elementor-section-height-default elementor-section-height-default\" data-id=\"973f134\" data-element_type=\"section\">\n\t\t\t\t\t\t<div class=\"elementor-container elementor-column-gap-default\">\n\t\t\t\t\t<div class=\"elementor-column elementor-col-50 elementor-top-column elementor-element elementor-element-2a0dbb5\" data-id=\"2a0dbb5\" data-element_type=\"column\">\n\t\t\t<div class=\"elementor-widget-wrap elementor-element-populated\">\n\t\t\t\t\t\t<div class=\"elementor-element elementor-element-302a53e elementor-widget elementor-widget-text-editor\" data-id=\"302a53e\" data-element_type=\"widget\" data-widget_type=\"text-editor.default\">\n\t\t\t\t<div class=\"elementor-widget-container\">\n\t\t\t\t\t\t\t<p><span style=\"font-weight: bolder; font-size: 1rem;\">A-Export<\/span><span style=\"font-size: 1rem;\">w\u00fcrde in den Achtzigen Jahren gegr\u00fcndet, die Jahren von dem Wirtschaftsaufschwung in Italien. Das Unternehmen hat sich in dem Import und Export von Rohstoffen f\u00fcr Haushaltsger\u00e4te spezialisiert, und zwar in dem Vertrieb von Ersatzteilen aller Marken.<\/span><\/p>\n<p>Im Laufe der Jahren ist A-Export ein f\u00fchrendes Unternehmen im Bereich Haushaltsger\u00e4te in Italien geworden, auch dank des Engagement und der Erfahrung der Gr\u00fcndungsmitglieder.<\/p>\n<p>Die ersten Gesch\u00e4ftsbeziehungen entstanden mit dem benachbarten ehemaligen Jugoslawien, insbesondere Slowenien, Serbien und Montenegro.<br \/>Anschlie\u00dfend mit den europ\u00e4ischen L\u00e4ndern: \u00d6sterreich, Deutschland, D\u00e4nemark, Holland, England, etc &#8230;<\/p>\n\t\t\t\t\t\t<\/div>\n\t\t\t\t<\/div>\n\t\t\t\t\t<\/div>\n\t\t<\/div>\n\t\t\t\t<div class=\"elementor-column elementor-col-50 elementor-top-column elementor-element elementor-element-9017985\" data-id=\"9017985\" data-element_type=\"column\">\n\t\t\t<div class=\"elementor-widget-wrap elementor-element-populated\">\n\t\t\t\t\t\t<div class=\"elementor-element elementor-element-f8c6cd2 elementor-widget elementor-widget-image\" data-id=\"f8c6cd2\" data-element_type=\"widget\" data-widget_type=\"image.default\">\n\t\t\t\t<div class=\"elementor-widget-container\">\n\t\t\t\t\t\t\t\t\t\t\t\t\t<img decoding=\"async\" width=\"500\" height=\"500\" src=\"https:\/\/a-export.it\/wp-content\/uploads\/2020\/03\/coccarda_30.jpg\" class=\"attachment-large size-large wp-image-417\" alt=\"\" srcset=\"https:\/\/a-export.it\/wp-content\/uploads\/2020\/03\/coccarda_30.jpg 500w, https:\/\/a-export.it\/wp-content\/uploads\/2020\/03\/coccarda_30-300x300.jpg 300w, https:\/\/a-export.it\/wp-content\/uploads\/2020\/03\/coccarda_30-150x150.jpg 150w\" sizes=\"(max-width: 500px) 100vw, 500px\" \/>\t\t\t\t\t\t\t\t\t\t\t\t\t<\/div>\n\t\t\t\t<\/div>\n\t\t\t\t\t<\/div>\n\t\t<\/div>\n\t\t\t\t\t<\/div>\n\t\t<\/section>\n\t\t\t\t<section class=\"elementor-section elementor-top-section elementor-element elementor-element-ab61b28 elementor-section-boxed elementor-section-height-default elementor-section-height-default\" data-id=\"ab61b28\" data-element_type=\"section\">\n\t\t\t\t\t\t<div class=\"elementor-container elementor-column-gap-default\">\n\t\t\t\t\t<div class=\"elementor-column elementor-col-50 elementor-top-column elementor-element elementor-element-b57fa2a\" data-id=\"b57fa2a\" data-element_type=\"column\">\n\t\t\t<div class=\"elementor-widget-wrap elementor-element-populated\">\n\t\t\t\t\t\t<div class=\"elementor-element elementor-element-3d58cdb elementor-widget elementor-widget-image\" data-id=\"3d58cdb\" data-element_type=\"widget\" data-widget_type=\"image.default\">\n\t\t\t\t<div class=\"elementor-widget-container\">\n\t\t\t\t\t\t\t\t\t\t<figure class=\"wp-caption\">\n\t\t\t\t\t\t\t\t\t\t<img decoding=\"async\" width=\"600\" height=\"300\" src=\"https:\/\/a-export.it\/wp-content\/uploads\/2020\/03\/loghi_fornitori.png\" class=\"attachment-large size-large wp-image-386\" alt=\"\" srcset=\"https:\/\/a-export.it\/wp-content\/uploads\/2020\/03\/loghi_fornitori.png 600w, https:\/\/a-export.it\/wp-content\/uploads\/2020\/03\/loghi_fornitori-300x150.png 300w\" sizes=\"(max-width: 600px) 100vw, 600px\" \/>\t\t\t\t\t\t\t\t\t\t\t<figcaption class=\"widget-image-caption wp-caption-text\">Einige unserer Partner-Marken<\/figcaption>\n\t\t\t\t\t\t\t\t\t\t<\/figure>\n\t\t\t\t\t\t\t<\/div>\n\t\t\t\t<\/div>\n\t\t\t\t\t<\/div>\n\t\t<\/div>\n\t\t\t\t<div class=\"elementor-column elementor-col-50 elementor-top-column elementor-element elementor-element-e57f21f\" data-id=\"e57f21f\" data-element_type=\"column\">\n\t\t\t<div class=\"elementor-widget-wrap elementor-element-populated\">\n\t\t\t\t\t\t<div class=\"elementor-element elementor-element-a7c861c elementor-widget elementor-widget-spacer\" data-id=\"a7c861c\" data-element_type=\"widget\" data-widget_type=\"spacer.default\">\n\t\t\t\t<div class=\"elementor-widget-container\">\n\t\t\t\t\t<div class=\"elementor-spacer\">\n\t\t\t<div class=\"elementor-spacer-inner\"><\/div>\n\t\t<\/div>\n\t\t\t\t<\/div>\n\t\t\t\t<\/div>\n\t\t\t\t<div class=\"elementor-element elementor-element-18af55b elementor-widget elementor-widget-text-editor\" data-id=\"18af55b\" data-element_type=\"widget\" data-widget_type=\"text-editor.default\">\n\t\t\t\t<div class=\"elementor-widget-container\">\n\t\t\t\t\t\t\t<p>In den letzten Jahren hat A-Export die Bed\u00fcrfnisse seiner Kunden erkannt und hat beschlossen, das Sortiment an Haushaltsger\u00e4ten und Komponenten aller wichtigen Marken in Europa zu erweitern.<br \/>Die Hingabe und Professionalit\u00e4t bei der Ausf\u00fchrung ihrer Arbeit, zuerst vom Gr\u00fcndervater und dann von seinem Sohn Alessandro, erm\u00f6glicht es A-Export, heute<span style=\"font-size: 1rem;\">alle Bed\u00fcrfnisse seiner Kunden zu erf\u00fcllen.<\/span><\/p>\n\t\t\t\t\t\t<\/div>\n\t\t\t\t<\/div>\n\t\t\t\t<div class=\"elementor-element elementor-element-784893c elementor-widget elementor-widget-image\" data-id=\"784893c\" data-element_type=\"widget\" data-widget_type=\"image.default\">\n\t\t\t\t<div class=\"elementor-widget-container\">\n\t\t\t\t\t\t\t\t\t\t<figure class=\"wp-caption\">\n\t\t\t\t\t\t\t\t\t\t<img loading=\"lazy\" decoding=\"async\" width=\"766\" height=\"156\" src=\"https:\/\/a-export.it\/wp-content\/uploads\/2020\/03\/vecchio_logo.png\" class=\"attachment-large size-large wp-image-378\" alt=\"\" srcset=\"https:\/\/a-export.it\/wp-content\/uploads\/2020\/03\/vecchio_logo.png 766w, https:\/\/a-export.it\/wp-content\/uploads\/2020\/03\/vecchio_logo-300x61.png 300w\" sizes=\"(max-width: 766px) 100vw, 766px\" \/>\t\t\t\t\t\t\t\t\t\t\t<figcaption class=\"widget-image-caption wp-caption-text\">Das alte Logo<\/figcaption>\n\t\t\t\t\t\t\t\t\t\t<\/figure>\n\t\t\t\t\t\t\t<\/div>\n\t\t\t\t<\/div>\n\t\t\t\t\t<\/div>\n\t\t<\/div>\n\t\t\t\t\t<\/div>\n\t\t<\/section>\n\t\t\t\t<section class=\"elementor-section elementor-top-section elementor-element elementor-element-f66504e elementor-section-boxed elementor-section-height-default elementor-section-height-default\" data-id=\"f66504e\" data-element_type=\"section\">\n\t\t\t\t\t\t<div class=\"elementor-container elementor-column-gap-default\">\n\t\t\t\t\t<div class=\"elementor-column elementor-col-50 elementor-top-column elementor-element elementor-element-51df46e\" data-id=\"51df46e\" data-element_type=\"column\">\n\t\t\t<div class=\"elementor-widget-wrap elementor-element-populated\">\n\t\t\t\t\t\t<div class=\"elementor-element elementor-element-f191078 elementor-widget elementor-widget-spacer\" data-id=\"f191078\" data-element_type=\"widget\" data-widget_type=\"spacer.default\">\n\t\t\t\t<div class=\"elementor-widget-container\">\n\t\t\t\t\t<div class=\"elementor-spacer\">\n\t\t\t<div class=\"elementor-spacer-inner\"><\/div>\n\t\t<\/div>\n\t\t\t\t<\/div>\n\t\t\t\t<\/div>\n\t\t\t\t<div class=\"elementor-element elementor-element-1048236 elementor-widget elementor-widget-text-editor\" data-id=\"1048236\" data-element_type=\"widget\" data-widget_type=\"text-editor.default\">\n\t\t\t\t<div class=\"elementor-widget-container\">\n\t\t\t\t\t\t\t<p>Im Jahr 2015 wurde das Gesch\u00e4ft in Tavagnacco gegr\u00fcndet, das sich auf den Verkauf von Haushaltsger\u00e4ten der mittleren bis oberen Preisklasse spezialisiert hat. Das Ziel vom Gesch\u00e4ft ist, sich von der Konkurrenz gro\u00dfer Ketten abzuheben und einen qualitativ hochwertigen Service bei der Auswahl und After-Sales-Unterst\u00fctzung anzubieten.<\/p>\n\t\t\t\t\t\t<\/div>\n\t\t\t\t<\/div>\n\t\t\t\t<div class=\"elementor-element elementor-element-c70e724 elementor-widget elementor-widget-image\" data-id=\"c70e724\" data-element_type=\"widget\" data-widget_type=\"image.default\">\n\t\t\t\t<div class=\"elementor-widget-container\">\n\t\t\t\t\t\t\t\t\t\t<figure class=\"wp-caption\">\n\t\t\t\t\t\t\t\t\t\t<img loading=\"lazy\" decoding=\"async\" width=\"766\" height=\"156\" src=\"https:\/\/a-export.it\/wp-content\/uploads\/2020\/03\/inoutlet_logo.jpg\" class=\"attachment-large size-large wp-image-399\" alt=\"\" srcset=\"https:\/\/a-export.it\/wp-content\/uploads\/2020\/03\/inoutlet_logo.jpg 766w, https:\/\/a-export.it\/wp-content\/uploads\/2020\/03\/inoutlet_logo-300x61.jpg 300w\" sizes=\"(max-width: 766px) 100vw, 766px\" \/>\t\t\t\t\t\t\t\t\t\t\t<figcaption class=\"widget-image-caption wp-caption-text\">Das Logo vom Gesch\u00e4ft in Tavagnacco (UD)<\/figcaption>\n\t\t\t\t\t\t\t\t\t\t<\/figure>\n\t\t\t\t\t\t\t<\/div>\n\t\t\t\t<\/div>\n\t\t\t\t<div class=\"elementor-element elementor-element-e3b22cc elementor-widget elementor-widget-text-editor\" data-id=\"e3b22cc\" data-element_type=\"widget\" data-widget_type=\"text-editor.default\">\n\t\t\t\t<div class=\"elementor-widget-container\">\n\t\t\t\t\t\t\t<p>In dem Gesch\u00e4ft in Tavagnacco (UD) werden nicht nur Haushaltsger\u00e4te verkauft, sondern auch ma\u00dfgeschneiderte K\u00fcchen f\u00fcr jeden Bedarf entworfen und entwickelt, dank der im Laufe der Zeit gewonnenen Professionalit\u00e4t unseres Personals.<\/p>\n\t\t\t\t\t\t<\/div>\n\t\t\t\t<\/div>\n\t\t\t\t\t<\/div>\n\t\t<\/div>\n\t\t\t\t<div class=\"elementor-column elementor-col-50 elementor-top-column elementor-element elementor-element-47e1839\" data-id=\"47e1839\" data-element_type=\"column\">\n\t\t\t<div class=\"elementor-widget-wrap elementor-element-populated\">\n\t\t\t\t\t\t<div class=\"elementor-element elementor-element-a752141 elementor-widget elementor-widget-spacer\" data-id=\"a752141\" data-element_type=\"widget\" data-widget_type=\"spacer.default\">\n\t\t\t\t<div class=\"elementor-widget-container\">\n\t\t\t\t\t<div class=\"elementor-spacer\">\n\t\t\t<div class=\"elementor-spacer-inner\"><\/div>\n\t\t<\/div>\n\t\t\t\t<\/div>\n\t\t\t\t<\/div>\n\t\t\t\t<div class=\"elementor-element elementor-element-d6a0cb5 elementor-widget elementor-widget-image\" data-id=\"d6a0cb5\" data-element_type=\"widget\" data-widget_type=\"image.default\">\n\t\t\t\t<div class=\"elementor-widget-container\">\n\t\t\t\t\t\t\t\t\t\t<figure class=\"wp-caption\">\n\t\t\t\t\t\t\t\t\t\t<img loading=\"lazy\" decoding=\"async\" width=\"600\" height=\"300\" src=\"https:\/\/a-export.it\/wp-content\/uploads\/2020\/03\/cucina.png\" class=\"attachment-large size-large wp-image-407\" alt=\"\" srcset=\"https:\/\/a-export.it\/wp-content\/uploads\/2020\/03\/cucina.png 600w, https:\/\/a-export.it\/wp-content\/uploads\/2020\/03\/cucina-300x150.png 300w\" sizes=\"(max-width: 600px) 100vw, 600px\" \/>\t\t\t\t\t\t\t\t\t\t\t<figcaption class=\"widget-image-caption wp-caption-text\">Projektierung von Einbauk\u00fcchen<\/figcaption>\n\t\t\t\t\t\t\t\t\t\t<\/figure>\n\t\t\t\t\t\t\t<\/div>\n\t\t\t\t<\/div>\n\t\t\t\t\t<\/div>\n\t\t<\/div>\n\t\t\t\t\t<\/div>\n\t\t<\/section>\n\t\t\t\t<section class=\"elementor-section elementor-top-section elementor-element elementor-element-3e30804 elementor-section-boxed elementor-section-height-default elementor-section-height-default\" data-id=\"3e30804\" data-element_type=\"section\">\n\t\t\t\t\t\t<div class=\"elementor-container elementor-column-gap-default\">\n\t\t\t\t\t<div class=\"elementor-column elementor-col-100 elementor-top-column elementor-element elementor-element-79f10d6\" data-id=\"79f10d6\" data-element_type=\"column\">\n\t\t\t<div class=\"elementor-widget-wrap elementor-element-populated\">\n\t\t\t\t\t\t<div class=\"elementor-element elementor-element-8ba04c3 elementor-widget elementor-widget-text-editor\" data-id=\"8ba04c3\" data-element_type=\"widget\" data-widget_type=\"text-editor.default\">\n\t\t\t\t<div class=\"elementor-widget-container\">\n\t\t\t\t\t\t\t<p>2019 ist das Jahr, in dem A-Export beschlie\u00dft, seine Aufmerksamkeit und seine Investitionen auf die Online-Welt zu richten. Zuerst wurden das Logo erneut und ein zukunftsweisendes und innovatives IT-Projekt organisiert; das Unternehmen hat aber nicht auf seinen Prinzipien der Gesch\u00e4ftsethik verzichtet, in voller \u00dcbereinstimmung mit den vertretenen Unternehmen und Kunden, und bietet neue Tools im Einklang mit den modernen betrieblichen Anforderungen.<\/p><\/p>\n\t\t\t\t\t\t<\/div>\n\t\t\t\t<\/div>\n\t\t\t\t<div class=\"elementor-element elementor-element-84771a5 elementor-widget elementor-widget-image\" data-id=\"84771a5\" data-element_type=\"widget\" data-widget_type=\"image.default\">\n\t\t\t\t<div class=\"elementor-widget-container\">\n\t\t\t\t\t\t\t\t\t\t<figure class=\"wp-caption\">\n\t\t\t\t\t\t\t\t\t\t<img loading=\"lazy\" decoding=\"async\" width=\"792\" height=\"293\" src=\"https:\/\/a-export.it\/wp-content\/uploads\/2021\/05\/cropped-800x302_trasp-1.png\" class=\"attachment-large size-large wp-image-514\" alt=\"\" srcset=\"https:\/\/a-export.it\/wp-content\/uploads\/2021\/05\/cropped-800x302_trasp-1.png 792w, https:\/\/a-export.it\/wp-content\/uploads\/2021\/05\/cropped-800x302_trasp-1-300x111.png 300w, https:\/\/a-export.it\/wp-content\/uploads\/2021\/05\/cropped-800x302_trasp-1-768x284.png 768w\" sizes=\"(max-width: 792px) 100vw, 792px\" \/>\t\t\t\t\t\t\t\t\t\t\t<figcaption class=\"widget-image-caption wp-caption-text\">Das neue Logo<\/figcaption>\n\t\t\t\t\t\t\t\t\t\t<\/figure>\n\t\t\t\t\t\t\t<\/div>\n\t\t\t\t<\/div>\n\t\t\t\t\t<\/div>\n\t\t<\/div>\n\t\t\t\t\t<\/div>\n\t\t<\/section>\n\t\t\t\t<\/div>\n\t\t","protected":false},"excerpt":{"rendered":"<p>Das neue Lager A-Exportw\u00fcrde in den Achtzigen Jahren gegr\u00fcndet, die Jahren von dem Wirtschaftsaufschwung in Italien. Das Unternehmen hat sich in dem Import und Export von Rohstoffen f\u00fcr Haushaltsger\u00e4te spezialisiert, und zwar in dem Vertrieb von Ersatzteilen aller Marken. Im Laufe der Jahren ist A-Export ein f\u00fchrendes Unternehmen im Bereich Haushaltsger\u00e4te in Italien geworden, auch [&hellip;]<\/p>\n","protected":false},"author":1,"featured_media":0,"parent":0,"menu_order":0,"comment_status":"closed","ping_status":"closed","template":"elementor_header_footer","meta":{"footnotes":""},"_links":{"self":[{"href":"https:\/\/a-export.it\/de\/wp-json\/wp\/v2\/pages\/949"}],"collection":[{"href":"https:\/\/a-export.it\/de\/wp-json\/wp\/v2\/pages"}],"about":[{"href":"https:\/\/a-export.it\/de\/wp-json\/wp\/v2\/types\/page"}],"author":[{"embeddable":true,"href":"https:\/\/a-export.it\/de\/wp-json\/wp\/v2\/users\/1"}],"replies":[{"embeddable":true,"href":"https:\/\/a-export.it\/de\/wp-json\/wp\/v2\/comments?post=949"}],"version-history":[{"count":5,"href":"https:\/\/a-export.it\/de\/wp-json\/wp\/v2\/pages\/949\/revisions"}],"predecessor-version":[{"id":2350,"href":"https:\/\/a-export.it\/de\/wp-json\/wp\/v2\/pages\/949\/revisions\/2350"}],"wp:attachment":[{"href":"https:\/\/a-export.it\/de\/wp-json\/wp\/v2\/media?parent=949"}],"curies":[{"name":"wp","href":"https:\/\/api.w.org\/{rel}","templated":true}]}}