{"id":1338,"date":"2021-06-25T17:19:43","date_gmt":"2021-06-25T15:19:43","guid":{"rendered":"https:\/\/a-export.it\/quienes-somos\/"},"modified":"2021-09-09T11:56:13","modified_gmt":"2021-09-09T09:56:13","slug":"quienes-somos","status":"publish","type":"page","link":"https:\/\/a-export.it\/es\/quienes-somos\/","title":{"rendered":"Qui\u00e9nes somos"},"content":{"rendered":"\t\t<div data-elementor-type=\"wp-page\" data-elementor-id=\"1338\" class=\"elementor elementor-1338 elementor-350\" data-elementor-post-type=\"page\">\n\t\t\t\t\t\t<section class=\"elementor-section elementor-top-section elementor-element elementor-element-13d119d elementor-section-full_width elementor-section-height-min-height elementor-section-height-default elementor-section-items-middle\" data-id=\"13d119d\" data-element_type=\"section\">\n\t\t\t\t\t\t<div class=\"elementor-container elementor-column-gap-default\">\n\t\t\t\t\t<div class=\"elementor-column elementor-col-100 elementor-top-column elementor-element elementor-element-6113f02\" data-id=\"6113f02\" data-element_type=\"column\">\n\t\t\t<div class=\"elementor-widget-wrap elementor-element-populated\">\n\t\t\t\t\t\t<div class=\"elementor-element elementor-element-a592e3b elementor-widget elementor-widget-image\" data-id=\"a592e3b\" data-element_type=\"widget\" data-widget_type=\"image.default\">\n\t\t\t\t<div class=\"elementor-widget-container\">\n\t\t\t\t\t\t\t\t\t\t<figure class=\"wp-caption\">\n\t\t\t\t\t\t\t\t\t\t<img fetchpriority=\"high\" decoding=\"async\" width=\"1150\" height=\"300\" src=\"https:\/\/a-export.it\/wp-content\/uploads\/2020\/02\/a-export-chi-siamo.jpg\" class=\"attachment-full size-full wp-image-371\" alt=\"\" srcset=\"https:\/\/a-export.it\/wp-content\/uploads\/2020\/02\/a-export-chi-siamo.jpg 1150w, https:\/\/a-export.it\/wp-content\/uploads\/2020\/02\/a-export-chi-siamo-300x78.jpg 300w, https:\/\/a-export.it\/wp-content\/uploads\/2020\/02\/a-export-chi-siamo-1024x267.jpg 1024w, https:\/\/a-export.it\/wp-content\/uploads\/2020\/02\/a-export-chi-siamo-768x200.jpg 768w\" sizes=\"(max-width: 1150px) 100vw, 1150px\" \/>\t\t\t\t\t\t\t\t\t\t\t<figcaption class=\"widget-image-caption wp-caption-text\">El nuevo almac\u00e9n<\/figcaption>\n\t\t\t\t\t\t\t\t\t\t<\/figure>\n\t\t\t\t\t\t\t<\/div>\n\t\t\t\t<\/div>\n\t\t\t\t\t<\/div>\n\t\t<\/div>\n\t\t\t\t\t<\/div>\n\t\t<\/section>\n\t\t\t\t<section class=\"elementor-section elementor-top-section elementor-element elementor-element-973f134 elementor-section-boxed elementor-section-height-default elementor-section-height-default\" data-id=\"973f134\" data-element_type=\"section\">\n\t\t\t\t\t\t<div class=\"elementor-container elementor-column-gap-default\">\n\t\t\t\t\t<div class=\"elementor-column elementor-col-50 elementor-top-column elementor-element elementor-element-2a0dbb5\" data-id=\"2a0dbb5\" data-element_type=\"column\">\n\t\t\t<div class=\"elementor-widget-wrap elementor-element-populated\">\n\t\t\t\t\t\t<div class=\"elementor-element elementor-element-302a53e elementor-widget elementor-widget-text-editor\" data-id=\"302a53e\" data-element_type=\"widget\" data-widget_type=\"text-editor.default\">\n\t\t\t\t<div class=\"elementor-widget-container\">\n\t\t\t\t\t\t\t<p><span style=\"font-weight: bolder; font-size: 1rem;\">A-Export<\/span><span style=\"font-size: 1rem;\">se fund\u00f3 en los a\u00f1os Ochenta durante del boom econ\u00f3mico en Italia y se especializ\u00f3 en la venta de materias primas en el sector de los electrodom\u00e9sticos. La empresa se fij\u00f3 en particular en la venta de recambios para electrodom\u00e9sticos de todas marcas.<\/span><\/p>\n<p>En los a\u00f1os A-Export ha llegado a ser una empresa l\u00edder en Italia en la distribuci\u00f3n de recambios para electrodom\u00e9sticos, gracias al esfuerzo y a la profesionalidad de los fundadores.<\/p>\n<p>Las primeras colaboraciones nacieron con los pa\u00edses de la vecina antigua Yugoslavia, en particular Eslovenia, Serbia y Monenegro.<br \/>Despu\u00e9s la empresa empez\u00f3 a colaborar con los pa\u00edses europeos: Austria, Alemania, Dinamarca, Pa\u00edses Bajos, Reino Unido, etc.<\/p>\n\t\t\t\t\t\t<\/div>\n\t\t\t\t<\/div>\n\t\t\t\t\t<\/div>\n\t\t<\/div>\n\t\t\t\t<div class=\"elementor-column elementor-col-50 elementor-top-column elementor-element elementor-element-9017985\" data-id=\"9017985\" data-element_type=\"column\">\n\t\t\t<div class=\"elementor-widget-wrap elementor-element-populated\">\n\t\t\t\t\t\t<div class=\"elementor-element elementor-element-f8c6cd2 elementor-widget elementor-widget-image\" data-id=\"f8c6cd2\" data-element_type=\"widget\" data-widget_type=\"image.default\">\n\t\t\t\t<div class=\"elementor-widget-container\">\n\t\t\t\t\t\t\t\t\t\t\t\t\t<img decoding=\"async\" width=\"500\" height=\"500\" src=\"https:\/\/a-export.it\/wp-content\/uploads\/2020\/03\/coccarda_30.jpg\" class=\"attachment-large size-large wp-image-419\" alt=\"\" srcset=\"https:\/\/a-export.it\/wp-content\/uploads\/2020\/03\/coccarda_30.jpg 500w, https:\/\/a-export.it\/wp-content\/uploads\/2020\/03\/coccarda_30-300x300.jpg 300w, https:\/\/a-export.it\/wp-content\/uploads\/2020\/03\/coccarda_30-150x150.jpg 150w\" sizes=\"(max-width: 500px) 100vw, 500px\" \/>\t\t\t\t\t\t\t\t\t\t\t\t\t<\/div>\n\t\t\t\t<\/div>\n\t\t\t\t\t<\/div>\n\t\t<\/div>\n\t\t\t\t\t<\/div>\n\t\t<\/section>\n\t\t\t\t<section class=\"elementor-section elementor-top-section elementor-element elementor-element-ab61b28 elementor-section-boxed elementor-section-height-default elementor-section-height-default\" data-id=\"ab61b28\" data-element_type=\"section\">\n\t\t\t\t\t\t<div class=\"elementor-container elementor-column-gap-default\">\n\t\t\t\t\t<div class=\"elementor-column elementor-col-50 elementor-top-column elementor-element elementor-element-b57fa2a\" data-id=\"b57fa2a\" data-element_type=\"column\">\n\t\t\t<div class=\"elementor-widget-wrap elementor-element-populated\">\n\t\t\t\t\t\t<div class=\"elementor-element elementor-element-3d58cdb elementor-widget elementor-widget-image\" data-id=\"3d58cdb\" data-element_type=\"widget\" data-widget_type=\"image.default\">\n\t\t\t\t<div class=\"elementor-widget-container\">\n\t\t\t\t\t\t\t\t\t\t<figure class=\"wp-caption\">\n\t\t\t\t\t\t\t\t\t\t<img decoding=\"async\" width=\"600\" height=\"300\" src=\"https:\/\/a-export.it\/wp-content\/uploads\/2020\/03\/loghi_fornitori.png\" class=\"attachment-large size-large wp-image-388\" alt=\"\" srcset=\"https:\/\/a-export.it\/wp-content\/uploads\/2020\/03\/loghi_fornitori.png 600w, https:\/\/a-export.it\/wp-content\/uploads\/2020\/03\/loghi_fornitori-300x150.png 300w\" sizes=\"(max-width: 600px) 100vw, 600px\" \/>\t\t\t\t\t\t\t\t\t\t\t<figcaption class=\"widget-image-caption wp-caption-text\">Algunas de nuestras marcas partner<\/figcaption>\n\t\t\t\t\t\t\t\t\t\t<\/figure>\n\t\t\t\t\t\t\t<\/div>\n\t\t\t\t<\/div>\n\t\t\t\t\t<\/div>\n\t\t<\/div>\n\t\t\t\t<div class=\"elementor-column elementor-col-50 elementor-top-column elementor-element elementor-element-e57f21f\" data-id=\"e57f21f\" data-element_type=\"column\">\n\t\t\t<div class=\"elementor-widget-wrap elementor-element-populated\">\n\t\t\t\t\t\t<div class=\"elementor-element elementor-element-a7c861c elementor-widget elementor-widget-spacer\" data-id=\"a7c861c\" data-element_type=\"widget\" data-widget_type=\"spacer.default\">\n\t\t\t\t<div class=\"elementor-widget-container\">\n\t\t\t\t\t<div class=\"elementor-spacer\">\n\t\t\t<div class=\"elementor-spacer-inner\"><\/div>\n\t\t<\/div>\n\t\t\t\t<\/div>\n\t\t\t\t<\/div>\n\t\t\t\t<div class=\"elementor-element elementor-element-18af55b elementor-widget elementor-widget-text-editor\" data-id=\"18af55b\" data-element_type=\"widget\" data-widget_type=\"text-editor.default\">\n\t\t\t\t<div class=\"elementor-widget-container\">\n\t\t\t\t\t\t\t<p>En los \u00faltimos a\u00f1os A-Export fue capaz de comprender las necesidades de sus clientes y decidi\u00f3 ampliar su gama de recambios para electrodom\u00e9sticos de todas las marcas m\u00e1s importantes en Europa.<br \/>La dedicaci\u00f3n y profesionalidad primero por parte del padre fundador, y luego por su hijo Alessandro, hoy permiten que A-Export <span style=\"font-size: 1rem;\">satisfaga todas las necesidades de sus clientes.<\/span><\/p>\n\t\t\t\t\t\t<\/div>\n\t\t\t\t<\/div>\n\t\t\t\t<div class=\"elementor-element elementor-element-784893c elementor-widget elementor-widget-image\" data-id=\"784893c\" data-element_type=\"widget\" data-widget_type=\"image.default\">\n\t\t\t\t<div class=\"elementor-widget-container\">\n\t\t\t\t\t\t\t\t\t\t<figure class=\"wp-caption\">\n\t\t\t\t\t\t\t\t\t\t<img loading=\"lazy\" decoding=\"async\" width=\"766\" height=\"156\" src=\"https:\/\/a-export.it\/wp-content\/uploads\/2020\/03\/vecchio_logo.png\" class=\"attachment-large size-large wp-image-380\" alt=\"\" srcset=\"https:\/\/a-export.it\/wp-content\/uploads\/2020\/03\/vecchio_logo.png 766w, https:\/\/a-export.it\/wp-content\/uploads\/2020\/03\/vecchio_logo-300x61.png 300w\" sizes=\"(max-width: 766px) 100vw, 766px\" \/>\t\t\t\t\t\t\t\t\t\t\t<figcaption class=\"widget-image-caption wp-caption-text\">El viejo logo<\/figcaption>\n\t\t\t\t\t\t\t\t\t\t<\/figure>\n\t\t\t\t\t\t\t<\/div>\n\t\t\t\t<\/div>\n\t\t\t\t\t<\/div>\n\t\t<\/div>\n\t\t\t\t\t<\/div>\n\t\t<\/section>\n\t\t\t\t<section class=\"elementor-section elementor-top-section elementor-element elementor-element-f66504e elementor-section-boxed elementor-section-height-default elementor-section-height-default\" data-id=\"f66504e\" data-element_type=\"section\">\n\t\t\t\t\t\t<div class=\"elementor-container elementor-column-gap-default\">\n\t\t\t\t\t<div class=\"elementor-column elementor-col-50 elementor-top-column elementor-element elementor-element-51df46e\" data-id=\"51df46e\" data-element_type=\"column\">\n\t\t\t<div class=\"elementor-widget-wrap elementor-element-populated\">\n\t\t\t\t\t\t<div class=\"elementor-element elementor-element-f191078 elementor-widget elementor-widget-spacer\" data-id=\"f191078\" data-element_type=\"widget\" data-widget_type=\"spacer.default\">\n\t\t\t\t<div class=\"elementor-widget-container\">\n\t\t\t\t\t<div class=\"elementor-spacer\">\n\t\t\t<div class=\"elementor-spacer-inner\"><\/div>\n\t\t<\/div>\n\t\t\t\t<\/div>\n\t\t\t\t<\/div>\n\t\t\t\t<div class=\"elementor-element elementor-element-1048236 elementor-widget elementor-widget-text-editor\" data-id=\"1048236\" data-element_type=\"widget\" data-widget_type=\"text-editor.default\">\n\t\t\t\t<div class=\"elementor-widget-container\">\n\t\t\t\t\t\t\t<p>En 2015 fue inaugurada la tienda de Tavagnacco (UD), especializada en la venta de electrodom\u00e9sticos de gama media y alta. El objetivo de la tienda es de distinguirse de las dem\u00e1s grandes catenas, ofrecendo un servicio de alta calidad tanto durante como despu\u00e9s de la compra.<\/p>\n\t\t\t\t\t\t<\/div>\n\t\t\t\t<\/div>\n\t\t\t\t<div class=\"elementor-element elementor-element-c70e724 elementor-widget elementor-widget-image\" data-id=\"c70e724\" data-element_type=\"widget\" data-widget_type=\"image.default\">\n\t\t\t\t<div class=\"elementor-widget-container\">\n\t\t\t\t\t\t\t\t\t\t<figure class=\"wp-caption\">\n\t\t\t\t\t\t\t\t\t\t<img loading=\"lazy\" decoding=\"async\" width=\"766\" height=\"156\" src=\"https:\/\/a-export.it\/wp-content\/uploads\/2020\/03\/inoutlet_logo.jpg\" class=\"attachment-large size-large wp-image-401\" alt=\"\" srcset=\"https:\/\/a-export.it\/wp-content\/uploads\/2020\/03\/inoutlet_logo.jpg 766w, https:\/\/a-export.it\/wp-content\/uploads\/2020\/03\/inoutlet_logo-300x61.jpg 300w\" sizes=\"(max-width: 766px) 100vw, 766px\" \/>\t\t\t\t\t\t\t\t\t\t\t<figcaption class=\"widget-image-caption wp-caption-text\">El logo de la tienda especializada de Tavagnacco (UD)<\/figcaption>\n\t\t\t\t\t\t\t\t\t\t<\/figure>\n\t\t\t\t\t\t\t<\/div>\n\t\t\t\t<\/div>\n\t\t\t\t<div class=\"elementor-element elementor-element-e3b22cc elementor-widget elementor-widget-text-editor\" data-id=\"e3b22cc\" data-element_type=\"widget\" data-widget_type=\"text-editor.default\">\n\t\t\t\t<div class=\"elementor-widget-container\">\n\t\t\t\t\t\t\t<p>En la tienda de Tavagnacco (UD) no se venden solamente electrodom\u00e9sticos, sino se dise\u00f1an y producen cocinas personalizadas para toda exigencia, gracias a la profesionalidad de nuestro equipo.<\/p>\n\t\t\t\t\t\t<\/div>\n\t\t\t\t<\/div>\n\t\t\t\t\t<\/div>\n\t\t<\/div>\n\t\t\t\t<div class=\"elementor-column elementor-col-50 elementor-top-column elementor-element elementor-element-47e1839\" data-id=\"47e1839\" data-element_type=\"column\">\n\t\t\t<div class=\"elementor-widget-wrap elementor-element-populated\">\n\t\t\t\t\t\t<div class=\"elementor-element elementor-element-a752141 elementor-widget elementor-widget-spacer\" data-id=\"a752141\" data-element_type=\"widget\" data-widget_type=\"spacer.default\">\n\t\t\t\t<div class=\"elementor-widget-container\">\n\t\t\t\t\t<div class=\"elementor-spacer\">\n\t\t\t<div class=\"elementor-spacer-inner\"><\/div>\n\t\t<\/div>\n\t\t\t\t<\/div>\n\t\t\t\t<\/div>\n\t\t\t\t<div class=\"elementor-element elementor-element-d6a0cb5 elementor-widget elementor-widget-image\" data-id=\"d6a0cb5\" data-element_type=\"widget\" data-widget_type=\"image.default\">\n\t\t\t\t<div class=\"elementor-widget-container\">\n\t\t\t\t\t\t\t\t\t\t<figure class=\"wp-caption\">\n\t\t\t\t\t\t\t\t\t\t<img loading=\"lazy\" decoding=\"async\" width=\"600\" height=\"300\" src=\"https:\/\/a-export.it\/wp-content\/uploads\/2020\/03\/cucina.png\" class=\"attachment-large size-large wp-image-409\" alt=\"\" srcset=\"https:\/\/a-export.it\/wp-content\/uploads\/2020\/03\/cucina.png 600w, https:\/\/a-export.it\/wp-content\/uploads\/2020\/03\/cucina-300x150.png 300w\" sizes=\"(max-width: 600px) 100vw, 600px\" \/>\t\t\t\t\t\t\t\t\t\t\t<figcaption class=\"widget-image-caption wp-caption-text\">Dise\u00f1o de cocinas a medida<\/figcaption>\n\t\t\t\t\t\t\t\t\t\t<\/figure>\n\t\t\t\t\t\t\t<\/div>\n\t\t\t\t<\/div>\n\t\t\t\t\t<\/div>\n\t\t<\/div>\n\t\t\t\t\t<\/div>\n\t\t<\/section>\n\t\t\t\t<section class=\"elementor-section elementor-top-section elementor-element elementor-element-3e30804 elementor-section-boxed elementor-section-height-default elementor-section-height-default\" data-id=\"3e30804\" data-element_type=\"section\">\n\t\t\t\t\t\t<div class=\"elementor-container elementor-column-gap-default\">\n\t\t\t\t\t<div class=\"elementor-column elementor-col-100 elementor-top-column elementor-element elementor-element-79f10d6\" data-id=\"79f10d6\" data-element_type=\"column\">\n\t\t\t<div class=\"elementor-widget-wrap elementor-element-populated\">\n\t\t\t\t\t\t<div class=\"elementor-element elementor-element-8ba04c3 elementor-widget elementor-widget-text-editor\" data-id=\"8ba04c3\" data-element_type=\"widget\" data-widget_type=\"text-editor.default\">\n\t\t\t\t<div class=\"elementor-widget-container\">\n\t\t\t\t\t\t\t<p>passando per un restyling del proprio logo e organizzando un progetto informatico lungimirante e innovativo, mantenendo per\u00f2 la sua veste storica e improntata su principi di etica commerciale, nel pieno rispetto delle azienda rappresentate e dei clienti, offrendo nuovi strumenti in linea con le moderne esigenze operative. En 2019 A-Export decidi\u00f3 concentrarse e invertir en el mundo del internet, renovando su logo y organizando un proyecto innovador, pero sin perder sus valores \u00e9ticos y comerciales.<\/p><\/p>\n\t\t\t\t\t\t<\/div>\n\t\t\t\t<\/div>\n\t\t\t\t<div class=\"elementor-element elementor-element-84771a5 elementor-widget elementor-widget-image\" data-id=\"84771a5\" data-element_type=\"widget\" data-widget_type=\"image.default\">\n\t\t\t\t<div class=\"elementor-widget-container\">\n\t\t\t\t\t\t\t\t\t\t<figure class=\"wp-caption\">\n\t\t\t\t\t\t\t\t\t\t<img loading=\"lazy\" decoding=\"async\" width=\"792\" height=\"293\" src=\"https:\/\/a-export.it\/wp-content\/uploads\/2021\/05\/cropped-800x302_trasp-1.png\" class=\"attachment-large size-large wp-image-516\" alt=\"\" srcset=\"https:\/\/a-export.it\/wp-content\/uploads\/2021\/05\/cropped-800x302_trasp-1.png 792w, https:\/\/a-export.it\/wp-content\/uploads\/2021\/05\/cropped-800x302_trasp-1-300x111.png 300w, https:\/\/a-export.it\/wp-content\/uploads\/2021\/05\/cropped-800x302_trasp-1-768x284.png 768w\" sizes=\"(max-width: 792px) 100vw, 792px\" \/>\t\t\t\t\t\t\t\t\t\t\t<figcaption class=\"widget-image-caption wp-caption-text\">El nuevo logo<\/figcaption>\n\t\t\t\t\t\t\t\t\t\t<\/figure>\n\t\t\t\t\t\t\t<\/div>\n\t\t\t\t<\/div>\n\t\t\t\t\t<\/div>\n\t\t<\/div>\n\t\t\t\t\t<\/div>\n\t\t<\/section>\n\t\t\t\t<\/div>\n\t\t","protected":false},"excerpt":{"rendered":"<p>El nuevo almac\u00e9n A-Exportse fund\u00f3 en los a\u00f1os Ochenta durante del boom econ\u00f3mico en Italia y se especializ\u00f3 en la venta de materias primas en el sector de los electrodom\u00e9sticos. La empresa se fij\u00f3 en particular en la venta de recambios para electrodom\u00e9sticos de todas marcas. En los a\u00f1os A-Export ha llegado a ser una [&hellip;]<\/p>\n","protected":false},"author":1,"featured_media":0,"parent":0,"menu_order":0,"comment_status":"closed","ping_status":"closed","template":"elementor_header_footer","meta":{"footnotes":""},"_links":{"self":[{"href":"https:\/\/a-export.it\/es\/wp-json\/wp\/v2\/pages\/1338"}],"collection":[{"href":"https:\/\/a-export.it\/es\/wp-json\/wp\/v2\/pages"}],"about":[{"href":"https:\/\/a-export.it\/es\/wp-json\/wp\/v2\/types\/page"}],"author":[{"embeddable":true,"href":"https:\/\/a-export.it\/es\/wp-json\/wp\/v2\/users\/1"}],"replies":[{"embeddable":true,"href":"https:\/\/a-export.it\/es\/wp-json\/wp\/v2\/comments?post=1338"}],"version-history":[{"count":7,"href":"https:\/\/a-export.it\/es\/wp-json\/wp\/v2\/pages\/1338\/revisions"}],"predecessor-version":[{"id":2346,"href":"https:\/\/a-export.it\/es\/wp-json\/wp\/v2\/pages\/1338\/revisions\/2346"}],"wp:attachment":[{"href":"https:\/\/a-export.it\/es\/wp-json\/wp\/v2\/media?parent=1338"}],"curies":[{"name":"wp","href":"https:\/\/api.w.org\/{rel}","templated":true}]}}