{"id":1346,"date":"2021-06-30T16:40:42","date_gmt":"2021-06-30T14:40:42","guid":{"rendered":"https:\/\/a-export.it\/qui-sommes-nous\/"},"modified":"2021-09-09T11:59:27","modified_gmt":"2021-09-09T09:59:27","slug":"qui-sommes-nous","status":"publish","type":"page","link":"https:\/\/a-export.it\/fr\/qui-sommes-nous\/","title":{"rendered":"Qui sommes nous"},"content":{"rendered":"\t\t<div data-elementor-type=\"wp-page\" data-elementor-id=\"1346\" class=\"elementor elementor-1346 elementor-350\" data-elementor-post-type=\"page\">\n\t\t\t\t\t\t<section class=\"elementor-section elementor-top-section elementor-element elementor-element-13d119d elementor-section-full_width elementor-section-height-min-height elementor-section-height-default elementor-section-items-middle\" data-id=\"13d119d\" data-element_type=\"section\">\n\t\t\t\t\t\t<div class=\"elementor-container elementor-column-gap-default\">\n\t\t\t\t\t<div class=\"elementor-column elementor-col-100 elementor-top-column elementor-element elementor-element-6113f02\" data-id=\"6113f02\" data-element_type=\"column\">\n\t\t\t<div class=\"elementor-widget-wrap elementor-element-populated\">\n\t\t\t\t\t\t<div class=\"elementor-element elementor-element-a592e3b elementor-widget elementor-widget-image\" data-id=\"a592e3b\" data-element_type=\"widget\" data-widget_type=\"image.default\">\n\t\t\t\t<div class=\"elementor-widget-container\">\n\t\t\t\t\t\t\t\t\t\t<figure class=\"wp-caption\">\n\t\t\t\t\t\t\t\t\t\t<img fetchpriority=\"high\" decoding=\"async\" width=\"1150\" height=\"300\" src=\"https:\/\/a-export.it\/wp-content\/uploads\/2020\/02\/a-export-chi-siamo.jpg\" class=\"attachment-full size-full wp-image-368\" alt=\"\" srcset=\"https:\/\/a-export.it\/wp-content\/uploads\/2020\/02\/a-export-chi-siamo.jpg 1150w, https:\/\/a-export.it\/wp-content\/uploads\/2020\/02\/a-export-chi-siamo-300x78.jpg 300w, https:\/\/a-export.it\/wp-content\/uploads\/2020\/02\/a-export-chi-siamo-1024x267.jpg 1024w, https:\/\/a-export.it\/wp-content\/uploads\/2020\/02\/a-export-chi-siamo-768x200.jpg 768w\" sizes=\"(max-width: 1150px) 100vw, 1150px\" \/>\t\t\t\t\t\t\t\t\t\t\t<figcaption class=\"widget-image-caption wp-caption-text\">Le nouvel entrep\u00f4t<\/figcaption>\n\t\t\t\t\t\t\t\t\t\t<\/figure>\n\t\t\t\t\t\t\t<\/div>\n\t\t\t\t<\/div>\n\t\t\t\t\t<\/div>\n\t\t<\/div>\n\t\t\t\t\t<\/div>\n\t\t<\/section>\n\t\t\t\t<section class=\"elementor-section elementor-top-section elementor-element elementor-element-973f134 elementor-section-boxed elementor-section-height-default elementor-section-height-default\" data-id=\"973f134\" data-element_type=\"section\">\n\t\t\t\t\t\t<div class=\"elementor-container elementor-column-gap-default\">\n\t\t\t\t\t<div class=\"elementor-column elementor-col-50 elementor-top-column elementor-element elementor-element-2a0dbb5\" data-id=\"2a0dbb5\" data-element_type=\"column\">\n\t\t\t<div class=\"elementor-widget-wrap elementor-element-populated\">\n\t\t\t\t\t\t<div class=\"elementor-element elementor-element-302a53e elementor-widget elementor-widget-text-editor\" data-id=\"302a53e\" data-element_type=\"widget\" data-widget_type=\"text-editor.default\">\n\t\t\t\t<div class=\"elementor-widget-container\">\n\t\t\t\t\t\t\t<p>La<span style=\"font-weight: bolder; font-size: 1rem;\"> A-Export<\/span><span style=\"font-size: 1rem;\"> fond\u00e9e dans les ann\u00e9es 80, les ann\u00e9es du boom \u00e9conomique en Italie, elle est sp\u00e9cialis\u00e9e dans l&rsquo;import-export de mati\u00e8res premi\u00e8res dans le secteur de l&rsquo;\u00e9lectrom\u00e9nager, portant une attention particuli\u00e8re \u00e0 la commercialisation des composants \u00e9lectrom\u00e9nagers de toutes marques.<\/span><\/p>\n<p>Au fil des ans, gr\u00e2ce \u00e0 l&rsquo;engagement, l&rsquo;exp\u00e9rience et le d\u00e9vouement des membres fondateurs, A-Export est devenue l&rsquo;une des principales entreprises italiennes dans la distribution de composants pour appareils \u00e9lectrom\u00e9nagers.<\/p>\n<p>Les premi\u00e8res collaborations voient le jour avec l&rsquo;ex-Yougoslavie, notamment la Slov\u00e9nie, la Serbie et le Mont\u00e9n\u00e9gro.<br \/>Par la suite avec les pays europ\u00e9ens : Autriche, Allemagne, Danemark, Hollande, Angleterre, etc&#8230;<\/p>\n\t\t\t\t\t\t<\/div>\n\t\t\t\t<\/div>\n\t\t\t\t\t<\/div>\n\t\t<\/div>\n\t\t\t\t<div class=\"elementor-column elementor-col-50 elementor-top-column elementor-element elementor-element-9017985\" data-id=\"9017985\" data-element_type=\"column\">\n\t\t\t<div class=\"elementor-widget-wrap elementor-element-populated\">\n\t\t\t\t\t\t<div class=\"elementor-element elementor-element-f8c6cd2 elementor-widget elementor-widget-image\" data-id=\"f8c6cd2\" data-element_type=\"widget\" data-widget_type=\"image.default\">\n\t\t\t\t<div class=\"elementor-widget-container\">\n\t\t\t\t\t\t\t\t\t\t\t\t\t<img decoding=\"async\" width=\"500\" height=\"500\" src=\"https:\/\/a-export.it\/wp-content\/uploads\/2020\/03\/coccarda_30.jpg\" class=\"attachment-large size-large wp-image-416\" alt=\"\" srcset=\"https:\/\/a-export.it\/wp-content\/uploads\/2020\/03\/coccarda_30.jpg 500w, https:\/\/a-export.it\/wp-content\/uploads\/2020\/03\/coccarda_30-300x300.jpg 300w, https:\/\/a-export.it\/wp-content\/uploads\/2020\/03\/coccarda_30-150x150.jpg 150w\" sizes=\"(max-width: 500px) 100vw, 500px\" \/>\t\t\t\t\t\t\t\t\t\t\t\t\t<\/div>\n\t\t\t\t<\/div>\n\t\t\t\t\t<\/div>\n\t\t<\/div>\n\t\t\t\t\t<\/div>\n\t\t<\/section>\n\t\t\t\t<section class=\"elementor-section elementor-top-section elementor-element elementor-element-ab61b28 elementor-section-boxed elementor-section-height-default elementor-section-height-default\" data-id=\"ab61b28\" data-element_type=\"section\">\n\t\t\t\t\t\t<div class=\"elementor-container elementor-column-gap-default\">\n\t\t\t\t\t<div class=\"elementor-column elementor-col-50 elementor-top-column elementor-element elementor-element-b57fa2a\" data-id=\"b57fa2a\" data-element_type=\"column\">\n\t\t\t<div class=\"elementor-widget-wrap elementor-element-populated\">\n\t\t\t\t\t\t<div class=\"elementor-element elementor-element-3d58cdb elementor-widget elementor-widget-image\" data-id=\"3d58cdb\" data-element_type=\"widget\" data-widget_type=\"image.default\">\n\t\t\t\t<div class=\"elementor-widget-container\">\n\t\t\t\t\t\t\t\t\t\t<figure class=\"wp-caption\">\n\t\t\t\t\t\t\t\t\t\t<img decoding=\"async\" width=\"600\" height=\"300\" src=\"https:\/\/a-export.it\/wp-content\/uploads\/2020\/03\/loghi_fornitori.png\" class=\"attachment-large size-large wp-image-385\" alt=\"\" srcset=\"https:\/\/a-export.it\/wp-content\/uploads\/2020\/03\/loghi_fornitori.png 600w, https:\/\/a-export.it\/wp-content\/uploads\/2020\/03\/loghi_fornitori-300x150.png 300w\" sizes=\"(max-width: 600px) 100vw, 600px\" \/>\t\t\t\t\t\t\t\t\t\t\t<figcaption class=\"widget-image-caption wp-caption-text\">Certaines de nos marques partenaires<\/figcaption>\n\t\t\t\t\t\t\t\t\t\t<\/figure>\n\t\t\t\t\t\t\t<\/div>\n\t\t\t\t<\/div>\n\t\t\t\t\t<\/div>\n\t\t<\/div>\n\t\t\t\t<div class=\"elementor-column elementor-col-50 elementor-top-column elementor-element elementor-element-e57f21f\" data-id=\"e57f21f\" data-element_type=\"column\">\n\t\t\t<div class=\"elementor-widget-wrap elementor-element-populated\">\n\t\t\t\t\t\t<div class=\"elementor-element elementor-element-a7c861c elementor-widget elementor-widget-spacer\" data-id=\"a7c861c\" data-element_type=\"widget\" data-widget_type=\"spacer.default\">\n\t\t\t\t<div class=\"elementor-widget-container\">\n\t\t\t\t\t<div class=\"elementor-spacer\">\n\t\t\t<div class=\"elementor-spacer-inner\"><\/div>\n\t\t<\/div>\n\t\t\t\t<\/div>\n\t\t\t\t<\/div>\n\t\t\t\t<div class=\"elementor-element elementor-element-18af55b elementor-widget elementor-widget-text-editor\" data-id=\"18af55b\" data-element_type=\"widget\" data-widget_type=\"text-editor.default\">\n\t\t\t\t<div class=\"elementor-widget-container\">\n\t\t\t\t\t\t\t<p>Ces derni\u00e8res ann\u00e9es, A-Export a su comprendre les besoins de ses clients et a d\u00e9cid\u00e9 d&rsquo;\u00e9largir la gamme d&rsquo;appareils \u00e9lectrom\u00e9nagers et de pi\u00e8ces d\u00e9tach\u00e9es de toutes les marques les plus importantes d&rsquo;Europe.<br \/>Le d\u00e9vouement et le professionnalisme dans la r\u00e9alisation de leur travail d&rsquo;abord par le p\u00e8re fondateur, puis par son fils Alessandro, permet aujourd&rsquo;hui \u00e0 A-Export de<span style=\"font-size: 1rem;\">garantir et satisfaire tous les besoins de ses clients<\/span>.<\/p>\n\t\t\t\t\t\t<\/div>\n\t\t\t\t<\/div>\n\t\t\t\t<div class=\"elementor-element elementor-element-784893c elementor-widget elementor-widget-image\" data-id=\"784893c\" data-element_type=\"widget\" data-widget_type=\"image.default\">\n\t\t\t\t<div class=\"elementor-widget-container\">\n\t\t\t\t\t\t\t\t\t\t<figure class=\"wp-caption\">\n\t\t\t\t\t\t\t\t\t\t<img loading=\"lazy\" decoding=\"async\" width=\"766\" height=\"156\" src=\"https:\/\/a-export.it\/wp-content\/uploads\/2020\/03\/vecchio_logo.png\" class=\"attachment-large size-large wp-image-377\" alt=\"\" srcset=\"https:\/\/a-export.it\/wp-content\/uploads\/2020\/03\/vecchio_logo.png 766w, https:\/\/a-export.it\/wp-content\/uploads\/2020\/03\/vecchio_logo-300x61.png 300w\" sizes=\"(max-width: 766px) 100vw, 766px\" \/>\t\t\t\t\t\t\t\t\t\t\t<figcaption class=\"widget-image-caption wp-caption-text\">L'ancien logo<\/figcaption>\n\t\t\t\t\t\t\t\t\t\t<\/figure>\n\t\t\t\t\t\t\t<\/div>\n\t\t\t\t<\/div>\n\t\t\t\t\t<\/div>\n\t\t<\/div>\n\t\t\t\t\t<\/div>\n\t\t<\/section>\n\t\t\t\t<section class=\"elementor-section elementor-top-section elementor-element elementor-element-f66504e elementor-section-boxed elementor-section-height-default elementor-section-height-default\" data-id=\"f66504e\" data-element_type=\"section\">\n\t\t\t\t\t\t<div class=\"elementor-container elementor-column-gap-default\">\n\t\t\t\t\t<div class=\"elementor-column elementor-col-50 elementor-top-column elementor-element elementor-element-51df46e\" data-id=\"51df46e\" data-element_type=\"column\">\n\t\t\t<div class=\"elementor-widget-wrap elementor-element-populated\">\n\t\t\t\t\t\t<div class=\"elementor-element elementor-element-f191078 elementor-widget elementor-widget-spacer\" data-id=\"f191078\" data-element_type=\"widget\" data-widget_type=\"spacer.default\">\n\t\t\t\t<div class=\"elementor-widget-container\">\n\t\t\t\t\t<div class=\"elementor-spacer\">\n\t\t\t<div class=\"elementor-spacer-inner\"><\/div>\n\t\t<\/div>\n\t\t\t\t<\/div>\n\t\t\t\t<\/div>\n\t\t\t\t<div class=\"elementor-element elementor-element-1048236 elementor-widget elementor-widget-text-editor\" data-id=\"1048236\" data-element_type=\"widget\" data-widget_type=\"text-editor.default\">\n\t\t\t\t<div class=\"elementor-widget-container\">\n\t\t\t\t\t\t\t<p>En 2015 est n\u00e9e la boutique \u00e0 Tavagnacco, sp\u00e9cialis\u00e9e dans la vente d&rsquo;\u00e9lectrom\u00e9nager moyen-haut de gamme, avec pour objectif de se d\u00e9marquer de la concurrence des grandes cha\u00eenes et d&rsquo;offrir un service de qualit\u00e9 dans le choix et l&rsquo;assistance apr\u00e8s-vente.<\/p>\n\t\t\t\t\t\t<\/div>\n\t\t\t\t<\/div>\n\t\t\t\t<div class=\"elementor-element elementor-element-c70e724 elementor-widget elementor-widget-image\" data-id=\"c70e724\" data-element_type=\"widget\" data-widget_type=\"image.default\">\n\t\t\t\t<div class=\"elementor-widget-container\">\n\t\t\t\t\t\t\t\t\t\t<figure class=\"wp-caption\">\n\t\t\t\t\t\t\t\t\t\t<img loading=\"lazy\" decoding=\"async\" width=\"766\" height=\"156\" src=\"https:\/\/a-export.it\/wp-content\/uploads\/2020\/03\/inoutlet_logo.jpg\" class=\"attachment-large size-large wp-image-398\" alt=\"\" srcset=\"https:\/\/a-export.it\/wp-content\/uploads\/2020\/03\/inoutlet_logo.jpg 766w, https:\/\/a-export.it\/wp-content\/uploads\/2020\/03\/inoutlet_logo-300x61.jpg 300w\" sizes=\"(max-width: 766px) 100vw, 766px\" \/>\t\t\t\t\t\t\t\t\t\t\t<figcaption class=\"widget-image-caption wp-caption-text\">Le logo de la Boutique Sp\u00e9cialis\u00e9e de Tavagnacco (UD)<\/figcaption>\n\t\t\t\t\t\t\t\t\t\t<\/figure>\n\t\t\t\t\t\t\t<\/div>\n\t\t\t\t<\/div>\n\t\t\t\t<div class=\"elementor-element elementor-element-e3b22cc elementor-widget elementor-widget-text-editor\" data-id=\"e3b22cc\" data-element_type=\"widget\" data-widget_type=\"text-editor.default\">\n\t\t\t\t<div class=\"elementor-widget-container\">\n\t\t\t\t\t\t\t<p>Dans la boutique de Tavagnacco (UD), en plus des appareils \u00e9lectrom\u00e9nagers pr\u00eats \u00e0 \u00eatre livr\u00e9s, notre personnel \u00e9tudie et con\u00e7oit des cuisines sur mesure pour chaque type de besoin, gr\u00e2ce au professionnalisme acquis au fil du temps.<\/p>\n\t\t\t\t\t\t<\/div>\n\t\t\t\t<\/div>\n\t\t\t\t\t<\/div>\n\t\t<\/div>\n\t\t\t\t<div class=\"elementor-column elementor-col-50 elementor-top-column elementor-element elementor-element-47e1839\" data-id=\"47e1839\" data-element_type=\"column\">\n\t\t\t<div class=\"elementor-widget-wrap elementor-element-populated\">\n\t\t\t\t\t\t<div class=\"elementor-element elementor-element-a752141 elementor-widget elementor-widget-spacer\" data-id=\"a752141\" data-element_type=\"widget\" data-widget_type=\"spacer.default\">\n\t\t\t\t<div class=\"elementor-widget-container\">\n\t\t\t\t\t<div class=\"elementor-spacer\">\n\t\t\t<div class=\"elementor-spacer-inner\"><\/div>\n\t\t<\/div>\n\t\t\t\t<\/div>\n\t\t\t\t<\/div>\n\t\t\t\t<div class=\"elementor-element elementor-element-d6a0cb5 elementor-widget elementor-widget-image\" data-id=\"d6a0cb5\" data-element_type=\"widget\" data-widget_type=\"image.default\">\n\t\t\t\t<div class=\"elementor-widget-container\">\n\t\t\t\t\t\t\t\t\t\t<figure class=\"wp-caption\">\n\t\t\t\t\t\t\t\t\t\t<img loading=\"lazy\" decoding=\"async\" width=\"600\" height=\"300\" src=\"https:\/\/a-export.it\/wp-content\/uploads\/2020\/03\/cucina.png\" class=\"attachment-large size-large wp-image-406\" alt=\"\" srcset=\"https:\/\/a-export.it\/wp-content\/uploads\/2020\/03\/cucina.png 600w, https:\/\/a-export.it\/wp-content\/uploads\/2020\/03\/cucina-300x150.png 300w\" sizes=\"(max-width: 600px) 100vw, 600px\" \/>\t\t\t\t\t\t\t\t\t\t\t<figcaption class=\"widget-image-caption wp-caption-text\">Conception de cuisines sur mesure<\/figcaption>\n\t\t\t\t\t\t\t\t\t\t<\/figure>\n\t\t\t\t\t\t\t<\/div>\n\t\t\t\t<\/div>\n\t\t\t\t\t<\/div>\n\t\t<\/div>\n\t\t\t\t\t<\/div>\n\t\t<\/section>\n\t\t\t\t<section class=\"elementor-section elementor-top-section elementor-element elementor-element-3e30804 elementor-section-boxed elementor-section-height-default elementor-section-height-default\" data-id=\"3e30804\" data-element_type=\"section\">\n\t\t\t\t\t\t<div class=\"elementor-container elementor-column-gap-default\">\n\t\t\t\t\t<div class=\"elementor-column elementor-col-100 elementor-top-column elementor-element elementor-element-79f10d6\" data-id=\"79f10d6\" data-element_type=\"column\">\n\t\t\t<div class=\"elementor-widget-wrap elementor-element-populated\">\n\t\t\t\t\t\t<div class=\"elementor-element elementor-element-8ba04c3 elementor-widget elementor-widget-text-editor\" data-id=\"8ba04c3\" data-element_type=\"widget\" data-widget_type=\"text-editor.default\">\n\t\t\t\t<div class=\"elementor-widget-container\">\n\t\t\t\t\t\t\t<p>2019 est l&rsquo;ann\u00e9e o\u00f9 A-Export d\u00e9cide de porter son attention et ses investissements sur le monde en ligne, en passant par un restylage de son logo et en organisant un projet informatique tourn\u00e9 vers l&rsquo;avenir et innovant, tout en conservant son aspect historique et bas\u00e9 sur des principes de \u00e9thique commerciale (en totale conformit\u00e9 avec les entreprises et les clients repr\u00e9sent\u00e9s, offrant de nouveaux outils en ad\u00e9quation avec les besoins op\u00e9rationnels modernes).<\/p><\/p>\n\t\t\t\t\t\t<\/div>\n\t\t\t\t<\/div>\n\t\t\t\t<div class=\"elementor-element elementor-element-84771a5 elementor-widget elementor-widget-image\" data-id=\"84771a5\" data-element_type=\"widget\" data-widget_type=\"image.default\">\n\t\t\t\t<div class=\"elementor-widget-container\">\n\t\t\t\t\t\t\t\t\t\t<figure class=\"wp-caption\">\n\t\t\t\t\t\t\t\t\t\t<img loading=\"lazy\" decoding=\"async\" width=\"792\" height=\"293\" src=\"https:\/\/a-export.it\/wp-content\/uploads\/2021\/05\/cropped-800x302_trasp-1.png\" class=\"attachment-large size-large wp-image-513\" alt=\"\" srcset=\"https:\/\/a-export.it\/wp-content\/uploads\/2021\/05\/cropped-800x302_trasp-1.png 792w, https:\/\/a-export.it\/wp-content\/uploads\/2021\/05\/cropped-800x302_trasp-1-300x111.png 300w, https:\/\/a-export.it\/wp-content\/uploads\/2021\/05\/cropped-800x302_trasp-1-768x284.png 768w\" sizes=\"(max-width: 792px) 100vw, 792px\" \/>\t\t\t\t\t\t\t\t\t\t\t<figcaption class=\"widget-image-caption wp-caption-text\">Le nouveau logo<\/figcaption>\n\t\t\t\t\t\t\t\t\t\t<\/figure>\n\t\t\t\t\t\t\t<\/div>\n\t\t\t\t<\/div>\n\t\t\t\t\t<\/div>\n\t\t<\/div>\n\t\t\t\t\t<\/div>\n\t\t<\/section>\n\t\t\t\t<\/div>\n\t\t","protected":false},"excerpt":{"rendered":"<p>Le nouvel entrep\u00f4t La A-Export fond\u00e9e dans les ann\u00e9es 80, les ann\u00e9es du boom \u00e9conomique en Italie, elle est sp\u00e9cialis\u00e9e dans l&rsquo;import-export de mati\u00e8res premi\u00e8res dans le secteur de l&rsquo;\u00e9lectrom\u00e9nager, portant une attention particuli\u00e8re \u00e0 la commercialisation des composants \u00e9lectrom\u00e9nagers de toutes marques. Au fil des ans, gr\u00e2ce \u00e0 l&rsquo;engagement, l&rsquo;exp\u00e9rience et le d\u00e9vouement des [&hellip;]<\/p>\n","protected":false},"author":1,"featured_media":0,"parent":0,"menu_order":0,"comment_status":"closed","ping_status":"closed","template":"elementor_header_footer","meta":{"footnotes":""},"_links":{"self":[{"href":"https:\/\/a-export.it\/fr\/wp-json\/wp\/v2\/pages\/1346"}],"collection":[{"href":"https:\/\/a-export.it\/fr\/wp-json\/wp\/v2\/pages"}],"about":[{"href":"https:\/\/a-export.it\/fr\/wp-json\/wp\/v2\/types\/page"}],"author":[{"embeddable":true,"href":"https:\/\/a-export.it\/fr\/wp-json\/wp\/v2\/users\/1"}],"replies":[{"embeddable":true,"href":"https:\/\/a-export.it\/fr\/wp-json\/wp\/v2\/comments?post=1346"}],"version-history":[{"count":3,"href":"https:\/\/a-export.it\/fr\/wp-json\/wp\/v2\/pages\/1346\/revisions"}],"predecessor-version":[{"id":2348,"href":"https:\/\/a-export.it\/fr\/wp-json\/wp\/v2\/pages\/1346\/revisions\/2348"}],"wp:attachment":[{"href":"https:\/\/a-export.it\/fr\/wp-json\/wp\/v2\/media?parent=1346"}],"curies":[{"name":"wp","href":"https:\/\/api.w.org\/{rel}","templated":true}]}}